{"id":169,"date":"2020-04-28T18:35:32","date_gmt":"2020-04-28T17:35:32","guid":{"rendered":"http:\/\/www.panciftligi.com.tr\/tr\/?page_id=169"},"modified":"2021-08-02T16:56:44","modified_gmt":"2021-08-02T15:56:44","slug":"bize-ulasin","status":"publish","type":"page","link":"http:\/\/www.panciftligi.com.tr\/tr\/bize-ulasin\/","title":{"rendered":"Bize Ula\u015f\u0131n"},"content":{"rendered":"\t\t<div data-elementor-type=\"wp-page\" data-elementor-id=\"169\" class=\"elementor elementor-169\" data-elementor-settings=\"[]\">\n\t\t\t\t\t\t<div class=\"elementor-inner\">\n\t\t\t\t\t\t\t<div class=\"elementor-section-wrap\">\n\t\t\t\t\t\t\t<section class=\"elementor-section elementor-top-section elementor-element elementor-element-13e8dea elementor-section-stretched elementor-section-full_width elementor-section-content-top elementor-section-height-default elementor-section-height-default\" data-id=\"13e8dea\" data-element_type=\"section\" data-settings=\"{&quot;stretch_section&quot;:&quot;section-stretched&quot;,&quot;background_background&quot;:&quot;classic&quot;}\">\n\t\t\t\t\t\t<div class=\"elementor-container elementor-column-gap-default\">\n\t\t\t\t\t\t\t<div class=\"elementor-row\">\n\t\t\t\t\t<div class=\"elementor-column elementor-col-100 elementor-top-column elementor-element elementor-element-6851a86\" data-id=\"6851a86\" data-element_type=\"column\">\n\t\t\t<div class=\"elementor-column-wrap elementor-element-populated\">\n\t\t\t\t\t\t\t<div class=\"elementor-widget-wrap\">\n\t\t\t\t\t\t<div class=\"elementor-element elementor-element-fac84c6 elementor-widget elementor-widget-spacer\" data-id=\"fac84c6\" data-element_type=\"widget\" data-widget_type=\"spacer.default\">\n\t\t\t\t<div class=\"elementor-widget-container\">\n\t\t\t\t\t<div class=\"elementor-spacer\">\n\t\t\t<div class=\"elementor-spacer-inner\"><\/div>\n\t\t<\/div>\n\t\t\t\t<\/div>\n\t\t\t\t<\/div>\n\t\t\t\t\t\t<\/div>\n\t\t\t\t\t<\/div>\n\t\t<\/div>\n\t\t\t\t\t\t\t\t<\/div>\n\t\t\t\t\t<\/div>\n\t\t<\/section>\n\t\t\t\t<section class=\"elementor-section elementor-top-section elementor-element elementor-element-8d3ccca elementor-section-stretched elementor-section-full_width elementor-section-height-default elementor-section-height-default\" data-id=\"8d3ccca\" data-element_type=\"section\" data-settings=\"{&quot;stretch_section&quot;:&quot;section-stretched&quot;,&quot;background_background&quot;:&quot;classic&quot;}\">\n\t\t\t\t\t\t<div class=\"elementor-container elementor-column-gap-default\">\n\t\t\t\t\t\t\t<div class=\"elementor-row\">\n\t\t\t\t\t<div class=\"elementor-column elementor-col-100 elementor-top-column elementor-element elementor-element-bdfbc2b\" data-id=\"bdfbc2b\" data-element_type=\"column\">\n\t\t\t<div class=\"elementor-column-wrap elementor-element-populated\">\n\t\t\t\t\t\t\t<div class=\"elementor-widget-wrap\">\n\t\t\t\t\t\t<div class=\"elementor-element elementor-element-6198cb1 elementor-widget elementor-widget-text-editor\" data-id=\"6198cb1\" data-element_type=\"widget\" data-widget_type=\"text-editor.default\">\n\t\t\t\t<div class=\"elementor-widget-container\">\n\t\t\t\t\t\t\t\t<div class=\"elementor-text-editor elementor-clearfix\">\n\t\t\t\t\t<p>B\u0130ZE ULA\u015eIN<\/p>\t\t\t\t\t<\/div>\n\t\t\t\t\t\t<\/div>\n\t\t\t\t<\/div>\n\t\t\t\t\t\t<\/div>\n\t\t\t\t\t<\/div>\n\t\t<\/div>\n\t\t\t\t\t\t\t\t<\/div>\n\t\t\t\t\t<\/div>\n\t\t<\/section>\n\t\t\t\t<section class=\"elementor-section elementor-top-section elementor-element elementor-element-5f9f5f5 elementor-section-stretched elementor-hidden-tablet elementor-section-boxed elementor-section-height-default elementor-section-height-default\" data-id=\"5f9f5f5\" data-element_type=\"section\" data-settings=\"{&quot;stretch_section&quot;:&quot;section-stretched&quot;,&quot;background_background&quot;:&quot;classic&quot;}\">\n\t\t\t\t\t\t\t<div class=\"elementor-background-overlay\"><\/div>\n\t\t\t\t\t\t\t<div class=\"elementor-container elementor-column-gap-default\">\n\t\t\t\t\t\t\t<div class=\"elementor-row\">\n\t\t\t\t\t<div class=\"elementor-column elementor-col-50 elementor-top-column elementor-element elementor-element-cc6d2f1\" data-id=\"cc6d2f1\" data-element_type=\"column\" data-settings=\"{&quot;background_background&quot;:&quot;classic&quot;}\">\n\t\t\t<div class=\"elementor-column-wrap elementor-element-populated\">\n\t\t\t\t\t<div class=\"elementor-background-overlay\"><\/div>\n\t\t\t\t\t\t\t<div class=\"elementor-widget-wrap\">\n\t\t\t\t\t\t<div class=\"elementor-element elementor-element-c3b10bc elementor-widget elementor-widget-wp-widget-wpforms-widget\" data-id=\"c3b10bc\" data-element_type=\"widget\" data-widget_type=\"wp-widget-wpforms-widget.default\">\n\t\t\t\t<div class=\"elementor-widget-container\">\n\t\t\t<div class=\"wpforms-container wpforms-container-full\" id=\"wpforms-168\"><form id=\"wpforms-form-168\" class=\"wpforms-validate wpforms-form\" data-formid=\"168\" method=\"post\" enctype=\"multipart\/form-data\" action=\"\/tr\/wp-json\/wp\/v2\/pages\/169\" data-token=\"25ae3721e241163114dbf37c0fb26c50\"><noscript class=\"wpforms-error-noscript\">Please enable JavaScript in your browser to complete this form.<\/noscript><div class=\"wpforms-field-container\"><div id=\"wpforms-168-field_0-container\" class=\"wpforms-field wpforms-field-name\" data-field-id=\"0\"><label class=\"wpforms-field-label\" for=\"wpforms-168-field_0\">Ad\u0131n\u0131z, Soyad\u0131n\u0131z <span class=\"wpforms-required-label\">*<\/span><\/label><input type=\"text\" id=\"wpforms-168-field_0\" class=\"wpforms-field-small wpforms-field-required\" name=\"wpforms[fields][0]\" required><\/div><div id=\"wpforms-168-field_1-container\" class=\"wpforms-field wpforms-field-email\" data-field-id=\"1\"><label class=\"wpforms-field-label\" for=\"wpforms-168-field_1\">Email Adresiniz <span class=\"wpforms-required-label\">*<\/span><\/label><input type=\"email\" id=\"wpforms-168-field_1\" class=\"wpforms-field-small wpforms-field-required\" name=\"wpforms[fields][1]\" required><\/div><div id=\"wpforms-168-field_4-container\" class=\"wpforms-field wpforms-field-text\" data-field-id=\"4\"><label class=\"wpforms-field-label\" for=\"wpforms-168-field_4\">Telefon \/ Gsm <span class=\"wpforms-required-label\">*<\/span><\/label><input type=\"text\" id=\"wpforms-168-field_4\" class=\"wpforms-field-small wpforms-field-required\" name=\"wpforms[fields][4]\" required><\/div><div id=\"wpforms-168-field_3-container\" class=\"wpforms-field wpforms-field-select\" data-field-id=\"3\"><label class=\"wpforms-field-label\" for=\"wpforms-168-field_3\">Mesaj Konusu <span class=\"wpforms-required-label\">*<\/span><\/label><select id=\"wpforms-168-field_3\" class=\"wpforms-field-medium wpforms-field-required\" name=\"wpforms[fields][3]\" required=\"required\"><option value=\"Se\u00e7im Yap\u0131n\u0131z\" >Se\u00e7im Yap\u0131n\u0131z<\/option><option value=\"Bilgi Almak\" >Bilgi Almak<\/option><option value=\"Bungalow Rezervasyon\" >Bungalow Rezervasyon<\/option><option value=\"\u00c7ad\u0131r Kamp Rezervasyon\" >\u00c7ad\u0131r Kamp Rezervasyon<\/option><option value=\"\u00c7ocuk Kamp\u0131 Rezervasyon\" >\u00c7ocuk Kamp\u0131 Rezervasyon<\/option><option value=\"Restoran Rezervasyon\" >Restoran Rezervasyon<\/option><\/select><\/div><div id=\"wpforms-168-field_5-container\" class=\"wpforms-field wpforms-field-number-slider\" data-field-id=\"5\"><label class=\"wpforms-field-label\" for=\"wpforms-168-field_5\">Ki\u015fi Say\u0131s\u0131<\/label><input\n\ttype=\"range\"\n\tid=\"wpforms-168-field_5\" class=\"wpforms-field-small\" name=\"wpforms[fields][5]\" value=\"0\"\t\tvalue=\"0\"\n\tmin=\"0\"\n\tmax=\"50\"\n\tstep=\"1\">\n\n<div class=\"wpforms-field-number-slider-hint\"\n\tdata-hint=\"Selected Value: {value}\">\n\tSelected Value: <b>0<\/b><\/div>\n<\/div><div id=\"wpforms-168-field_2-container\" class=\"wpforms-field wpforms-field-textarea\" data-field-id=\"2\"><label class=\"wpforms-field-label\" for=\"wpforms-168-field_2\">Notlar\u0131n\u0131z \/ Yorumlar\u0131n\u0131z <span class=\"wpforms-required-label\">*<\/span><\/label><textarea id=\"wpforms-168-field_2\" class=\"wpforms-field-medium wpforms-field-required\" name=\"wpforms[fields][2]\" required><\/textarea><\/div><\/div><div class=\"wpforms-field wpforms-field-hp\"><label for=\"wpforms-168-field-hp\" class=\"wpforms-field-label\">Email<\/label><input type=\"text\" name=\"wpforms[hp]\" id=\"wpforms-168-field-hp\" class=\"wpforms-field-medium\"><\/div><div class=\"wpforms-submit-container\" ><input type=\"hidden\" name=\"wpforms[id]\" value=\"168\"><input type=\"hidden\" name=\"wpforms[author]\" value=\"1\"><button type=\"submit\" name=\"wpforms[submit]\" class=\"wpforms-submit \" id=\"wpforms-submit-168\" value=\"wpforms-submit\" aria-live=\"assertive\" data-alt-text=\"Sending...\" data-submit-text=\"Submit\">Submit<\/button><\/div><\/form><\/div>  <!-- .wpforms-container -->\t\t<\/div>\n\t\t\t\t<\/div>\n\t\t\t\t\t\t<\/div>\n\t\t\t\t\t<\/div>\n\t\t<\/div>\n\t\t\t\t<div class=\"elementor-column elementor-col-50 elementor-top-column elementor-element elementor-element-80b5976\" data-id=\"80b5976\" data-element_type=\"column\">\n\t\t\t<div class=\"elementor-column-wrap elementor-element-populated\">\n\t\t\t\t\t\t\t<div class=\"elementor-widget-wrap\">\n\t\t\t\t\t\t<div class=\"elementor-element elementor-element-2162900 elementor-widget elementor-widget-text-editor\" data-id=\"2162900\" data-element_type=\"widget\" data-widget_type=\"text-editor.default\">\n\t\t\t\t<div class=\"elementor-widget-container\">\n\t\t\t\t\t\t\t\t<div class=\"elementor-text-editor elementor-clearfix\">\n\t\t\t\t\t<iframe loading=\"lazy\" style=\"border: 0;\" tabindex=\"0\" src=\"https:\/\/www.google.com\/maps\/embed?pb=!1m14!1m8!1m3!1d12766.324147247133!2d30.4720901!3d36.876446!3m2!1i1024!2i768!4f13.1!3m3!1m2!1s0x0%3A0xc71d7b622deb229!2zSEFTIMOHxLBGVEzEsEsgLSBQQU4gw4fEsEZUTMSwSw!5e0!3m2!1sen!2str!4v1588060505223!5m2!1sen!2str\" width=\"100%\" height=\"600\" frameborder=\"0\" allowfullscreen=\"allowfullscreen\" aria-hidden=\"false\"><\/iframe>\t\t\t\t\t<\/div>\n\t\t\t\t\t\t<\/div>\n\t\t\t\t<\/div>\n\t\t\t\t\t\t<\/div>\n\t\t\t\t\t<\/div>\n\t\t<\/div>\n\t\t\t\t\t\t\t\t<\/div>\n\t\t\t\t\t<\/div>\n\t\t<\/section>\n\t\t\t\t<section class=\"elementor-section elementor-top-section elementor-element elementor-element-4eaf56b elementor-section-stretched elementor-hidden-desktop elementor-hidden-phone elementor-section-boxed elementor-section-height-default elementor-section-height-default\" data-id=\"4eaf56b\" data-element_type=\"section\" data-settings=\"{&quot;stretch_section&quot;:&quot;section-stretched&quot;,&quot;background_background&quot;:&quot;classic&quot;}\">\n\t\t\t\t\t\t\t<div class=\"elementor-background-overlay\"><\/div>\n\t\t\t\t\t\t\t<div class=\"elementor-container elementor-column-gap-default\">\n\t\t\t\t\t\t\t<div class=\"elementor-row\">\n\t\t\t\t\t<div class=\"elementor-column elementor-col-100 elementor-top-column elementor-element elementor-element-8a2b8b0\" data-id=\"8a2b8b0\" data-element_type=\"column\" data-settings=\"{&quot;background_background&quot;:&quot;classic&quot;}\">\n\t\t\t<div class=\"elementor-column-wrap elementor-element-populated\">\n\t\t\t\t\t<div class=\"elementor-background-overlay\"><\/div>\n\t\t\t\t\t\t\t<div class=\"elementor-widget-wrap\">\n\t\t\t\t\t\t<div class=\"elementor-element elementor-element-bb91453 elementor-widget elementor-widget-wp-widget-wpforms-widget\" data-id=\"bb91453\" data-element_type=\"widget\" data-widget_type=\"wp-widget-wpforms-widget.default\">\n\t\t\t\t<div class=\"elementor-widget-container\">\n\t\t\t<div class=\"wpforms-container wpforms-container-full\" id=\"wpforms-168\"><form id=\"wpforms-form-168\" class=\"wpforms-validate wpforms-form\" data-formid=\"168\" method=\"post\" enctype=\"multipart\/form-data\" action=\"\/tr\/wp-json\/wp\/v2\/pages\/169\" data-token=\"25ae3721e241163114dbf37c0fb26c50\"><noscript class=\"wpforms-error-noscript\">Please enable JavaScript in your browser to complete this form.<\/noscript><div class=\"wpforms-field-container\"><div id=\"wpforms-168-field_0-container\" class=\"wpforms-field wpforms-field-name\" data-field-id=\"0\"><label class=\"wpforms-field-label\" for=\"wpforms-168-field_0\">Ad\u0131n\u0131z, Soyad\u0131n\u0131z <span class=\"wpforms-required-label\">*<\/span><\/label><input type=\"text\" id=\"wpforms-168-field_0\" class=\"wpforms-field-small wpforms-field-required\" name=\"wpforms[fields][0]\" required><\/div><div id=\"wpforms-168-field_1-container\" class=\"wpforms-field wpforms-field-email\" data-field-id=\"1\"><label class=\"wpforms-field-label\" for=\"wpforms-168-field_1\">Email Adresiniz <span class=\"wpforms-required-label\">*<\/span><\/label><input type=\"email\" id=\"wpforms-168-field_1\" class=\"wpforms-field-small wpforms-field-required\" name=\"wpforms[fields][1]\" required><\/div><div id=\"wpforms-168-field_4-container\" class=\"wpforms-field wpforms-field-text\" data-field-id=\"4\"><label class=\"wpforms-field-label\" for=\"wpforms-168-field_4\">Telefon \/ Gsm <span class=\"wpforms-required-label\">*<\/span><\/label><input type=\"text\" id=\"wpforms-168-field_4\" class=\"wpforms-field-small wpforms-field-required\" name=\"wpforms[fields][4]\" required><\/div><div id=\"wpforms-168-field_3-container\" class=\"wpforms-field wpforms-field-select\" data-field-id=\"3\"><label class=\"wpforms-field-label\" for=\"wpforms-168-field_3\">Mesaj Konusu <span class=\"wpforms-required-label\">*<\/span><\/label><select id=\"wpforms-168-field_3\" class=\"wpforms-field-medium wpforms-field-required\" name=\"wpforms[fields][3]\" required=\"required\"><option value=\"Se\u00e7im Yap\u0131n\u0131z\" >Se\u00e7im Yap\u0131n\u0131z<\/option><option value=\"Bilgi Almak\" >Bilgi Almak<\/option><option value=\"Bungalow Rezervasyon\" >Bungalow Rezervasyon<\/option><option value=\"\u00c7ad\u0131r Kamp Rezervasyon\" >\u00c7ad\u0131r Kamp Rezervasyon<\/option><option value=\"\u00c7ocuk Kamp\u0131 Rezervasyon\" >\u00c7ocuk Kamp\u0131 Rezervasyon<\/option><option value=\"Restoran Rezervasyon\" >Restoran Rezervasyon<\/option><\/select><\/div><div id=\"wpforms-168-field_5-container\" class=\"wpforms-field wpforms-field-number-slider\" data-field-id=\"5\"><label class=\"wpforms-field-label\" for=\"wpforms-168-field_5\">Ki\u015fi Say\u0131s\u0131<\/label><input\n\ttype=\"range\"\n\tid=\"wpforms-168-field_5\" class=\"wpforms-field-small\" name=\"wpforms[fields][5]\" value=\"0\"\t\tvalue=\"0\"\n\tmin=\"0\"\n\tmax=\"50\"\n\tstep=\"1\">\n\n<div class=\"wpforms-field-number-slider-hint\"\n\tdata-hint=\"Selected Value: {value}\">\n\tSelected Value: <b>0<\/b><\/div>\n<\/div><div id=\"wpforms-168-field_2-container\" class=\"wpforms-field wpforms-field-textarea\" data-field-id=\"2\"><label class=\"wpforms-field-label\" for=\"wpforms-168-field_2\">Notlar\u0131n\u0131z \/ Yorumlar\u0131n\u0131z <span class=\"wpforms-required-label\">*<\/span><\/label><textarea id=\"wpforms-168-field_2\" class=\"wpforms-field-medium wpforms-field-required\" name=\"wpforms[fields][2]\" required><\/textarea><\/div><\/div><div class=\"wpforms-field wpforms-field-hp\"><label for=\"wpforms-168-field-hp\" class=\"wpforms-field-label\">Website<\/label><input type=\"text\" name=\"wpforms[hp]\" id=\"wpforms-168-field-hp\" class=\"wpforms-field-medium\"><\/div><div class=\"wpforms-submit-container\" ><input type=\"hidden\" name=\"wpforms[id]\" value=\"168\"><input type=\"hidden\" name=\"wpforms[author]\" value=\"1\"><button type=\"submit\" name=\"wpforms[submit]\" class=\"wpforms-submit \" id=\"wpforms-submit-168\" value=\"wpforms-submit\" aria-live=\"assertive\" data-alt-text=\"Sending...\" data-submit-text=\"Submit\">Submit<\/button><\/div><\/form><\/div>  <!-- .wpforms-container -->\t\t<\/div>\n\t\t\t\t<\/div>\n\t\t\t\t\t\t<\/div>\n\t\t\t\t\t<\/div>\n\t\t<\/div>\n\t\t\t\t\t\t\t\t<\/div>\n\t\t\t\t\t<\/div>\n\t\t<\/section>\n\t\t\t\t<section class=\"elementor-section elementor-top-section elementor-element elementor-element-02e6adc elementor-section-stretched elementor-hidden-desktop elementor-hidden-phone elementor-section-boxed elementor-section-height-default elementor-section-height-default\" data-id=\"02e6adc\" data-element_type=\"section\" data-settings=\"{&quot;stretch_section&quot;:&quot;section-stretched&quot;,&quot;background_background&quot;:&quot;classic&quot;}\">\n\t\t\t\t\t\t\t<div class=\"elementor-background-overlay\"><\/div>\n\t\t\t\t\t\t\t<div class=\"elementor-container elementor-column-gap-default\">\n\t\t\t\t\t\t\t<div class=\"elementor-row\">\n\t\t\t\t\t<div class=\"elementor-column elementor-col-100 elementor-top-column elementor-element elementor-element-fe44613\" data-id=\"fe44613\" data-element_type=\"column\">\n\t\t\t<div class=\"elementor-column-wrap elementor-element-populated\">\n\t\t\t\t\t\t\t<div class=\"elementor-widget-wrap\">\n\t\t\t\t\t\t<div class=\"elementor-element elementor-element-d911d90 elementor-widget elementor-widget-google_maps\" data-id=\"d911d90\" data-element_type=\"widget\" data-widget_type=\"google_maps.default\">\n\t\t\t\t<div class=\"elementor-widget-container\">\n\t\t\t\t\t<div class=\"elementor-custom-embed\">\n\t\t\t<iframe frameborder=\"0\" scrolling=\"no\" marginheight=\"0\" marginwidth=\"0\" src=\"https:\/\/maps.google.com\/maps?q=Geyikbay%C4%B1r%C4%B1%2C%2007070%20Konyaalt%C4%B1%2FAntalya&amp;t=m&amp;z=10&amp;output=embed&amp;iwloc=near\" title=\"%3$s\" aria-label=\"%3$s\"><\/iframe>\n\t\t<\/div>\n\t\t\t\t<\/div>\n\t\t\t\t<\/div>\n\t\t\t\t\t\t<\/div>\n\t\t\t\t\t<\/div>\n\t\t<\/div>\n\t\t\t\t\t\t\t\t<\/div>\n\t\t\t\t\t<\/div>\n\t\t<\/section>\n\t\t\t\t\t\t<\/div>\n\t\t\t\t\t\t<\/div>\n\t\t\t\t\t<\/div>\n\t\t","protected":false},"excerpt":{"rendered":"<p>B\u0130ZE ULA\u015eIN<\/p>\n","protected":false},"author":1,"featured_media":0,"parent":0,"menu_order":0,"comment_status":"closed","ping_status":"closed","template":"","meta":[],"_links":{"self":[{"href":"http:\/\/www.panciftligi.com.tr\/tr\/wp-json\/wp\/v2\/pages\/169"}],"collection":[{"href":"http:\/\/www.panciftligi.com.tr\/tr\/wp-json\/wp\/v2\/pages"}],"about":[{"href":"http:\/\/www.panciftligi.com.tr\/tr\/wp-json\/wp\/v2\/types\/page"}],"author":[{"embeddable":true,"href":"http:\/\/www.panciftligi.com.tr\/tr\/wp-json\/wp\/v2\/users\/1"}],"replies":[{"embeddable":true,"href":"http:\/\/www.panciftligi.com.tr\/tr\/wp-json\/wp\/v2\/comments?post=169"}],"version-history":[{"count":8,"href":"http:\/\/www.panciftligi.com.tr\/tr\/wp-json\/wp\/v2\/pages\/169\/revisions"}],"predecessor-version":[{"id":236,"href":"http:\/\/www.panciftligi.com.tr\/tr\/wp-json\/wp\/v2\/pages\/169\/revisions\/236"}],"wp:attachment":[{"href":"http:\/\/www.panciftligi.com.tr\/tr\/wp-json\/wp\/v2\/media?parent=169"}],"curies":[{"name":"wp","href":"https:\/\/api.w.org\/{rel}","templated":true}]}}